{"id":332,"date":"2017-10-15T20:45:52","date_gmt":"2017-10-15T20:45:52","guid":{"rendered":"https:\/\/andrea-richter.com\/?page_id=332"},"modified":"2017-12-01T12:03:02","modified_gmt":"2017-12-01T12:03:02","slug":"impressum","status":"publish","type":"page","link":"https:\/\/andrea-richter.com\/?page_id=332","title":{"rendered":"impressum"},"content":{"rendered":"<pre>Andrea Richter\r\n\r\nSteinbeker Stra\u00dfe 68A\r\n20537 Hamburg\r\nDeutschland \/ Germany\r\nE-Mail: andreaminusrichter@web.de\r\n\r\nTelefonnummer und Kontaktaufnahme auf Anfrage per E-Mail. Ich bin oft im Ausland und bitte deshalb um Verst\u00e4ndnis, dass ich hier keine Telefonnummer angebe. Im Ausland verwende ich meist eine andere SIM Karte.<\/pre>\n<pre>Alle Rechte vorbehalten. Ohne ausdr\u00fcckliche schriftliche Erlaubnis d\u00fcrfen weder Texte noch Bilder f\u00fcr irgendwelche Zwecke vervielf\u00e4ltigt oder ver\u00e4ndert werden, unabh\u00e4ngig davon, auf welche Art und Weise oder mit welchen Mitteln (elektronisch oder mechanisch) dies geschieht.\r\nTrotz sorgf\u00e4ltiger inhaltlicher Kontrolle \u00fcbernehmen wir keine Haftung f\u00fcr die Inhalte externer Links. F\u00fcr den Inhalt der verlinkten Seiten sind ausschlie\u00dflich deren Betreiber verantwortlich.\r\n<\/pre>\n<p>&nbsp;<\/p>\n","protected":false},"excerpt":{"rendered":"<p>Andrea Richter Steinbeker Stra\u00dfe 68A 20537 Hamburg Deutschland \/ Germany E-Mail: andreaminusrichter@web.de Telefonnummer und Kontaktaufnahme auf Anfrage per E-Mail. Ich bin oft im Ausland und bitte deshalb um Verst\u00e4ndnis, dass ich hier keine Telefonnummer angebe. Im Ausland verwende ich meist eine andere SIM Karte. Alle Rechte vorbehalten. Ohne ausdr\u00fcckliche schriftliche Erlaubnis d\u00fcrfen weder Texte noch [&hellip;]<\/p>\n","protected":false},"author":2,"featured_media":0,"parent":0,"menu_order":0,"comment_status":"closed","ping_status":"closed","template":"","meta":{"footnotes":""},"class_list":["post-332","page","type-page","status-publish","hentry"],"_links":{"self":[{"href":"https:\/\/andrea-richter.com\/index.php?rest_route=\/wp\/v2\/pages\/332","targetHints":{"allow":["GET"]}}],"collection":[{"href":"https:\/\/andrea-richter.com\/index.php?rest_route=\/wp\/v2\/pages"}],"about":[{"href":"https:\/\/andrea-richter.com\/index.php?rest_route=\/wp\/v2\/types\/page"}],"author":[{"embeddable":true,"href":"https:\/\/andrea-richter.com\/index.php?rest_route=\/wp\/v2\/users\/2"}],"replies":[{"embeddable":true,"href":"https:\/\/andrea-richter.com\/index.php?rest_route=%2Fwp%2Fv2%2Fcomments&post=332"}],"version-history":[{"count":6,"href":"https:\/\/andrea-richter.com\/index.php?rest_route=\/wp\/v2\/pages\/332\/revisions"}],"predecessor-version":[{"id":434,"href":"https:\/\/andrea-richter.com\/index.php?rest_route=\/wp\/v2\/pages\/332\/revisions\/434"}],"wp:attachment":[{"href":"https:\/\/andrea-richter.com\/index.php?rest_route=%2Fwp%2Fv2%2Fmedia&parent=332"}],"curies":[{"name":"wp","href":"https:\/\/api.w.org\/{rel}","templated":true}]}}